{"id":17124,"date":"2026-01-29T11:22:55","date_gmt":"2026-01-29T10:22:55","guid":{"rendered":"http:\/\/interim.dayandlight.de\/?page_id=17124"},"modified":"2026-04-01T18:01:48","modified_gmt":"2026-04-01T16:01:48","slug":"jobs","status":"publish","type":"page","link":"http:\/\/dayandlight.de\/ja\/jobs\/","title":{"rendered":"Jobs"},"content":{"rendered":"<h2 class=\"wp-block-heading\"><strong>Wir sind ein erfolgreiches, renommiertes und leistungsstarkes Lichtplanungsb\u00fcro in M\u00fcnchen<\/strong><\/h2>\n\n\n\n<p>Und planen mit Leidenschaft Tageslicht und Kunstlicht f\u00fcr Architektur und Stadtr\u00e4ume in Projekten aller Gr\u00f6\u00dfenordnungen. Bei uns hat jede und jeder seinen eigenen Kopf voller brillanter Ideen. Dadurch erg\u00e4nzen wir uns gegenseitig und funktionieren gerade deshalb besonders gut als Team.<\/p>\n\n\n\n<p>Unser helles B\u00fcro mit gro\u00dfen R\u00e4umen ist ein ehemaliges Fabrikgeb\u00e4ude in ruhiger Umgebung nahe des M\u00fcnchner Westparks als Teil eines Werkshofs, umgeben von Planungsb\u00fcros, Handwerks- und Kunstwerkst\u00e4tten.<\/p>","protected":false},"excerpt":{"rendered":"<p>Wir sind ein erfolgreiches, renommiertes und leistungsstarkes Lichtplanungsb\u00fcro in M\u00fcnchen Und planen mit Leidenschaft Tageslicht und Kunstlicht f\u00fcr Architektur und Stadtr\u00e4ume in Projekten aller Gr\u00f6\u00dfenordnungen. Bei uns hat jede und jeder seinen eigenen Kopf voller brillanter Ideen. Dadurch erg\u00e4nzen wir uns gegenseitig und funktionieren gerade deshalb besonders gut als Team. Unser helles B\u00fcro mit gro\u00dfen R\u00e4umen ist ein ehemaliges Fabrikgeb\u00e4ude in ruhiger Umgebung nahe des M\u00fcnchner Westparks als Teil eines Werkshofs, umgeben von Planungsb\u00fcros, Handwerks- und Kunstwerkst\u00e4tten.<\/p>","protected":false},"author":1,"featured_media":0,"parent":0,"menu_order":0,"comment_status":"closed","ping_status":"open","template":"","meta":{"footnotes":""},"class_list":["post-17124","page","type-page","status-publish","hentry"],"_links":{"self":[{"href":"http:\/\/dayandlight.de\/ja\/wp-json\/wp\/v2\/pages\/17124","targetHints":{"allow":["GET"]}}],"collection":[{"href":"http:\/\/dayandlight.de\/ja\/wp-json\/wp\/v2\/pages"}],"about":[{"href":"http:\/\/dayandlight.de\/ja\/wp-json\/wp\/v2\/types\/page"}],"author":[{"embeddable":true,"href":"http:\/\/dayandlight.de\/ja\/wp-json\/wp\/v2\/users\/1"}],"replies":[{"embeddable":true,"href":"http:\/\/dayandlight.de\/ja\/wp-json\/wp\/v2\/comments?post=17124"}],"version-history":[{"count":5,"href":"http:\/\/dayandlight.de\/ja\/wp-json\/wp\/v2\/pages\/17124\/revisions"}],"predecessor-version":[{"id":19236,"href":"http:\/\/dayandlight.de\/ja\/wp-json\/wp\/v2\/pages\/17124\/revisions\/19236"}],"wp:attachment":[{"href":"http:\/\/dayandlight.de\/ja\/wp-json\/wp\/v2\/media?parent=17124"}],"curies":[{"name":"wp","href":"https:\/\/api.w.org\/{rel}","templated":true}]}}